{"id":17,"date":"2021-08-22T12:58:17","date_gmt":"2021-08-22T12:58:17","guid":{"rendered":"https:\/\/www.drew.net.pl\/?page_id=17"},"modified":"2021-08-22T13:10:09","modified_gmt":"2021-08-22T13:10:09","slug":"kontakt","status":"publish","type":"page","link":"https:\/\/www.drew.net.pl\/index.php\/kontakt\/","title":{"rendered":"Kontakt"},"content":{"rendered":"\n<p>Strona z podstawowymi informacjami kontaktowymi, takimi jak adr<\/p>\n\n\n\n<p>Ze wzgl\u0119du na to, \u017ce ka\u017cdy Klient jest dla nas bardzo wa\u017cny. Zach\u0119camy do kontaktu z nami aby um\u00f3wi\u0107 na spotkanie i wyceni\u0107 Pa\u0144stwa zlecenie.<\/p>\n\n\n\n<h2>P.P.U. Drew<br>32-031 Mogilany<br>Kulerz\u00f3w 11<\/h2>\n\n\n\n<h3>Numery telefon\u00f3w:<br>Wies\u0142aw Papie\u017c: 697 450 555<br>J\u00f3zef Papie\u017c: 501 182 295<\/h3>\n","protected":false},"excerpt":{"rendered":"<p>Strona z podstawowymi informacjami kontaktowymi, takimi jak adr Ze wzgl\u0119du na to, \u017ce ka\u017cdy Klient jest dla nas bardzo wa\u017cny. Zach\u0119camy do kontaktu z nami aby um\u00f3wi\u0107 na spotkanie i wyceni\u0107 Pa\u0144stwa zlecenie. P.P.U. Drew32-031 MogilanyKulerz\u00f3w 11 Numery telefon\u00f3w:Wies\u0142aw Papie\u017c: 697 450 555J\u00f3zef Papie\u017c: 501 182 295<\/p>\n","protected":false},"author":1,"featured_media":0,"parent":0,"menu_order":0,"comment_status":"closed","ping_status":"closed","template":"","meta":[],"_links":{"self":[{"href":"https:\/\/www.drew.net.pl\/index.php\/wp-json\/wp\/v2\/pages\/17"}],"collection":[{"href":"https:\/\/www.drew.net.pl\/index.php\/wp-json\/wp\/v2\/pages"}],"about":[{"href":"https:\/\/www.drew.net.pl\/index.php\/wp-json\/wp\/v2\/types\/page"}],"author":[{"embeddable":true,"href":"https:\/\/www.drew.net.pl\/index.php\/wp-json\/wp\/v2\/users\/1"}],"replies":[{"embeddable":true,"href":"https:\/\/www.drew.net.pl\/index.php\/wp-json\/wp\/v2\/comments?post=17"}],"version-history":[{"count":2,"href":"https:\/\/www.drew.net.pl\/index.php\/wp-json\/wp\/v2\/pages\/17\/revisions"}],"predecessor-version":[{"id":39,"href":"https:\/\/www.drew.net.pl\/index.php\/wp-json\/wp\/v2\/pages\/17\/revisions\/39"}],"wp:attachment":[{"href":"https:\/\/www.drew.net.pl\/index.php\/wp-json\/wp\/v2\/media?parent=17"}],"curies":[{"name":"wp","href":"https:\/\/api.w.org\/{rel}","templated":true}]}}