{"id":15,"date":"2021-08-22T12:58:17","date_gmt":"2021-08-22T12:58:17","guid":{"rendered":"https:\/\/www.drew.net.pl\/?page_id=15"},"modified":"2021-08-22T13:08:13","modified_gmt":"2021-08-22T13:08:13","slug":"tworz-swoja-witryne-za-pomoca-blokow","status":"publish","type":"page","link":"https:\/\/www.drew.net.pl\/","title":{"rendered":"Drewno to Nasza Pasja !"},"content":{"rendered":"\n<h1 class=\"has-large-font-size\">P.P.U. Drew \u2013 Drewno to Nasza Pasja !<\/h1>\n\n\n\n<p><strong>P.P.U. Drew<\/strong>&nbsp;to pracownia stolarska z do\u015bwiadczeniem, zajmujemy si\u0119 obr\u00f3bk\u0105 drewna od ponad 10 lat, dzia\u0142amy na terenie ca\u0142ego kraju. Podczas tych lat pracy stworzyli\u015bmy wiele ciekawych projekt\u00f3w od standardowych wyrob\u00f3w typu<strong>&nbsp;drzwi z litego drzewa, schody drewniane, balustrady, okna, tarasy<\/strong>&nbsp;po skomplikowane&nbsp;<strong>projekty dla ko\u015bcio\u0142\u00f3w<\/strong>&nbsp;czy&nbsp;<strong>zabytkowych kamienic<\/strong>. &nbsp;Zapraszamy do zapoznania si\u0119 z&nbsp;<a href=\"https:\/\/web.archive.org\/web\/20180316123156\/http:\/\/drew.net.pl\/index.php\/galeria-wykonanych-projektow\/\">nasz\u0105 galeri\u0105<\/a>&nbsp;gdzie mog\u0105 Pa\u0144stwo zobaczy\u0107 wykonane projekty. &nbsp;Od 2013 uzupe\u0142nili\u015bmy nasz\u0105 ofert\u0119 o piaskowanie, co pozwala nam w pe\u0142ni wykonywa\u0107 renowacj\u0119 starych kamienic, tworzenie nieosi\u0105galnych dot\u0105d wzor\u00f3w drewna ( Poprzez ich postarzanie) oraz odnawianie rzeczy ze stali. W zak\u0142adce \u201e<a href=\"https:\/\/web.archive.org\/web\/20180316123156\/http:\/\/drew.net.pl\/index.php\/czym-sie-zajmujemy\/\">Nasze us\u0142ugi<\/a>\u201d znajduje si\u0119 spis us\u0142ug, kt\u00f3re mo\u017cemy wykona\u0107. Ka\u017cdy Klient i projekt jest dla nas bardzo wa\u017cny \u2013 dlatego wyceniamy us\u0142ugi indywidualnie aby zapewni\u0107 najwy\u017csz\u0105 jako\u015b\u0107 us\u0142ug.<\/p>\n\n\n\n<p>W razie pyta\u0144 prosimy o kontakt pod numerami telefon\u00f3w: 697 450&nbsp;555, 501182295.<\/p>\n\n\n\n<div style=\"height:100px\" aria-hidden=\"true\" class=\"wp-block-spacer\"><\/div>\n\n\n\n<div class=\"wp-block-columns alignwide are-vertically-aligned-center is-style-twentytwentyone-columns-overlap\">\n<div class=\"wp-block-column is-vertically-aligned-center\">\n<figure class=\"wp-block-image alignfull size-large is-style-default\"><img loading=\"lazy\" width=\"1024\" height=\"768\" src=\"https:\/\/www.drew.net.pl\/wp-content\/uploads\/2021\/08\/Schody_Drew-77-1024x768.jpg\" alt=\"\" class=\"wp-image-36\" srcset=\"https:\/\/www.drew.net.pl\/wp-content\/uploads\/2021\/08\/Schody_Drew-77-1024x768.jpg 1024w, https:\/\/www.drew.net.pl\/wp-content\/uploads\/2021\/08\/Schody_Drew-77-300x225.jpg 300w, https:\/\/www.drew.net.pl\/wp-content\/uploads\/2021\/08\/Schody_Drew-77-768x576.jpg 768w, https:\/\/www.drew.net.pl\/wp-content\/uploads\/2021\/08\/Schody_Drew-77.jpg 1333w\" sizes=\"(max-width: 1024px) 100vw, 1024px\" \/><figcaption>OLYMPUS DIGITAL CAMERA<\/figcaption><\/figure>\n\n\n\n<div style=\"height:100px\" aria-hidden=\"true\" class=\"wp-block-spacer\"><\/div>\n\n\n\n<figure class=\"wp-block-image alignfull size-large is-style-default\"><img loading=\"lazy\" width=\"1024\" height=\"768\" src=\"https:\/\/www.drew.net.pl\/wp-content\/uploads\/2021\/08\/Pozostale-23-1024x768.jpg\" alt=\"\" class=\"wp-image-35\" srcset=\"https:\/\/www.drew.net.pl\/wp-content\/uploads\/2021\/08\/Pozostale-23-1024x768.jpg 1024w, https:\/\/www.drew.net.pl\/wp-content\/uploads\/2021\/08\/Pozostale-23-300x225.jpg 300w, https:\/\/www.drew.net.pl\/wp-content\/uploads\/2021\/08\/Pozostale-23-768x576.jpg 768w, https:\/\/www.drew.net.pl\/wp-content\/uploads\/2021\/08\/Pozostale-23.jpg 1333w\" sizes=\"(max-width: 1024px) 100vw, 1024px\" \/><\/figure>\n<\/div>\n\n\n\n<div class=\"wp-block-column is-vertically-aligned-center\">\n<div style=\"height:100px\" aria-hidden=\"true\" class=\"wp-block-spacer\"><\/div>\n\n\n\n<figure class=\"wp-block-image size-full alignfull is-style-default\"><img loading=\"lazy\" width=\"750\" height=\"1000\" src=\"https:\/\/www.drew.net.pl\/wp-content\/uploads\/2021\/08\/Drzwi_Drew-19.jpg\" alt=\"\" class=\"wp-image-34\" srcset=\"https:\/\/www.drew.net.pl\/wp-content\/uploads\/2021\/08\/Drzwi_Drew-19.jpg 750w, https:\/\/www.drew.net.pl\/wp-content\/uploads\/2021\/08\/Drzwi_Drew-19-225x300.jpg 225w\" sizes=\"(max-width: 750px) 100vw, 750px\" \/><\/figure>\n<\/div>\n<\/div>\n\n\n\n<div style=\"height:50px\" aria-hidden=\"true\" class=\"wp-block-spacer\"><\/div>\n\n\n\n<div class=\"wp-block-columns alignwide are-vertically-aligned-top\">\n<div class=\"wp-block-column is-vertically-aligned-top\">\n<h3>Drzwi wewn\u0119trzne z litego drzewa<\/h3>\n\n\n\n<p>Wykonujemy drzwi na zam\u00f3wienie Klienta. Dzi\u0119ki szerokiemu wyborowi farb mo\u017cemy dostosowa\u0107 si\u0119 do ka\u017cdego wn\u0119trza. Mamy mo\u017cliwo\u015b\u0107 wykonania ka\u017cdego wzoru wybranego przez naszego Klienta.<\/p>\n<\/div>\n\n\n\n<div class=\"wp-block-column is-vertically-aligned-top\">\n<h3>Drzwi zewn\u0119trzne z litego drzewa<\/h3>\n\n\n\n<p>Wykonujemy wej\u015bciowe do zastosowa\u0144 w domach, kamienicach, ko\u015bcio\u0142ach czy mieszkaniach. Dzi\u0119ki do\u015bwiadczeniu i u\u017cyciu najwy\u017cej jako\u015bci materia\u0142\u00f3w, mo\u017cemy zagwarantowa\u0107 bezpiecze\u0144stwo oraz ekskluzywny wygl\u0105d.<\/p>\n<\/div>\n\n\n\n<div class=\"wp-block-column is-vertically-aligned-top\">\n<h3>Schody z litego drzewa<\/h3>\n\n\n\n<p>Wykonujemy schody z litego drzewa na indywidualne zam\u00f3wienie Klienta. Jeste\u015bmy w stanie zrobi\u0107 wi\u0119kszo\u015b\u0107 projekt\u00f3w. Oferujemy r\u00f3wnie\u017c schody w kt\u00f3rych zastosowane s\u0105 wstawki z metalu czy szk\u0142a.<\/p>\n<\/div>\n<\/div>\n\n\n\n<div style=\"height:100px\" aria-hidden=\"true\" class=\"wp-block-spacer\"><\/div>\n\n\n\n<div class=\"wp-block-cover alignwide has-white-background-color has-background-dim is-style-twentytwentyone-border\"><div class=\"wp-block-cover__inner-container\">\n<div style=\"height:20px\" aria-hidden=\"true\" class=\"wp-block-spacer\"><\/div>\n\n\n\n<p class=\"has-text-align-center has-huge-font-size\">Potrzebujesz wyceny?<\/p>\n\n\n\n<div class=\"wp-block-columns\">\n<div class=\"wp-block-column\">\n<p class=\"has-text-align-center\"><a rel=\"noreferrer noopener\" href=\"https:\/\/wordpress.org\/support\/article\/twenty-twenty-one\/\" target=\"_blank\">Telefon:<\/a><a href=\"https:\/\/wordpress.org\/support\/article\/twenty-twenty-one\/\" target=\"_blank\" rel=\"noreferrer noopener\"> 697 450\u00a0555<\/a><\/p>\n<\/div>\n\n\n\n<div class=\"wp-block-column\">\n<p class=\"has-text-align-center\"><a href=\"tel:501182295\" data-type=\"tel\" data-id=\"tel:501182295\">Telefon: 501182295<\/a><\/p>\n<\/div>\n<\/div>\n\n\n\n<div style=\"height:20px\" aria-hidden=\"true\" class=\"wp-block-spacer\"><\/div>\n<\/div><\/div>\n","protected":false},"excerpt":{"rendered":"<p>P.P.U. Drew \u2013 Drewno to Nasza Pasja ! P.P.U. Drew&nbsp;to pracownia stolarska z do\u015bwiadczeniem, zajmujemy si\u0119 obr\u00f3bk\u0105 drewna od ponad 10 lat, dzia\u0142amy na terenie ca\u0142ego kraju. Podczas tych lat pracy stworzyli\u015bmy wiele ciekawych projekt\u00f3w od standardowych wyrob\u00f3w typu&nbsp;drzwi z litego drzewa, schody drewniane, balustrady, okna, tarasy&nbsp;po skomplikowane&nbsp;projekty dla ko\u015bcio\u0142\u00f3w&nbsp;czy&nbsp;zabytkowych kamienic. &nbsp;Zapraszamy do zapoznania si\u0119&hellip; <a class=\"more-link\" href=\"https:\/\/www.drew.net.pl\/\">Czytaj dalej <span class=\"screen-reader-text\">Drewno to Nasza Pasja !<\/span><\/a><\/p>\n","protected":false},"author":1,"featured_media":0,"parent":0,"menu_order":0,"comment_status":"closed","ping_status":"closed","template":"","meta":[],"_links":{"self":[{"href":"https:\/\/www.drew.net.pl\/index.php\/wp-json\/wp\/v2\/pages\/15"}],"collection":[{"href":"https:\/\/www.drew.net.pl\/index.php\/wp-json\/wp\/v2\/pages"}],"about":[{"href":"https:\/\/www.drew.net.pl\/index.php\/wp-json\/wp\/v2\/types\/page"}],"author":[{"embeddable":true,"href":"https:\/\/www.drew.net.pl\/index.php\/wp-json\/wp\/v2\/users\/1"}],"replies":[{"embeddable":true,"href":"https:\/\/www.drew.net.pl\/index.php\/wp-json\/wp\/v2\/comments?post=15"}],"version-history":[{"count":3,"href":"https:\/\/www.drew.net.pl\/index.php\/wp-json\/wp\/v2\/pages\/15\/revisions"}],"predecessor-version":[{"id":38,"href":"https:\/\/www.drew.net.pl\/index.php\/wp-json\/wp\/v2\/pages\/15\/revisions\/38"}],"wp:attachment":[{"href":"https:\/\/www.drew.net.pl\/index.php\/wp-json\/wp\/v2\/media?parent=15"}],"curies":[{"name":"wp","href":"https:\/\/api.w.org\/{rel}","templated":true}]}}